{"id":7,"date":"2026-01-14T04:29:31","date_gmt":"2026-01-14T01:29:31","guid":{"rendered":"https:\/\/piyasaozet.com\/?page_id=7"},"modified":"2026-01-31T02:40:26","modified_gmt":"2026-01-30T23:40:26","slug":"canli-veri","status":"publish","type":"page","link":"https:\/\/piyasaozet.com\/?page_id=7","title":{"rendered":"Canl\u0131 Veri"},"content":{"rendered":"<style>\n    \/* Masa\u00fcst\u00fc ve Mobil Genel Panel Tasar\u0131m\u0131 *\/\n    .dashboard-wrapper {\n        display: flex;\n        flex-wrap: wrap;\n        gap: 15px;\n        background-color: #f8f9fa;\n        padding: 10px;\n        border-radius: 12px;\n    }\n    .main-chart-area {\n        flex: 2.5;\n        min-width: 320px;\n        background: #ffffff;\n        border-radius: 15px;\n        box-shadow: 0 4px 15px rgba(0,0,0,0.05);\n        overflow: hidden;\n        height: 600px;\n    }\n    .side-data-area {\n        flex: 1;\n        min-width: 300px;\n        height: 600px;\n        background: #ffffff;\n        border-radius: 15px;\n        box-shadow: 0 4px 15px rgba(0,0,0,0.05);\n        overflow: hidden;\n    }<\/p>\n<p>    \/* MOB\u0130L \u00d6ZEL AYARLAR *\/\n    @media (max-width: 768px) {\n        .main-chart-area, .side-data-area {\n            flex: 1 1 100%;\n            height: 450px;\n        }\n    }\n<\/style>\n<div class=\"tradingview-widget-container\" style=\"margin: 10px 0; width: 100%;\">\n<div class=\"tradingview-widget-container__widget\"><\/div>\n<p>  <script type=\"text\/javascript\" src=\"https:\/\/s3.tradingview.com\/external-embedding\/embed-widget-tickers.js\" async>\n  {\n  \"symbols\": [\n    { \"proName\": \"FX_IDC:XAUTRYG\", \"title\": \"GRAM ALTIN\" },\n    { \"proName\": \"FX_IDC:XAGTRYG\", \"title\": \"GRAM G\u00dcM\u00dc\u015e\" },\n    { \"proName\": \"FX:USDTRY\", \"title\": \"DOLAR\/TL\" }\n  ],\n  \"colorTheme\": \"light\",\n  \"isTransparent\": false,\n  \"showSymbolLogo\": true,\n  \"width\": \"100%\",\n  \"locale\": \"tr\"\n}\n  <\/script>\n<\/div>\n<div style=\"margin-bottom: 15px; width: 100%;\">\n    <script type=\"text\/javascript\" src=\"https:\/\/s3.tradingview.com\/external-embedding\/embed-widget-ticker-tape.js\" async>\n    {\n    \"symbols\": [\n        {\"proName\": \"FX_IDC:XAUTRYG\", \"title\": \"Gram Alt\u0131n\"},\n        {\"proName\": \"FX_IDC:XAGTRYG\", \"title\": \"Gram G\u00fcm\u00fc\u015f\"},\n        {\"proName\": \"OANDA:XAUUSD\", \"title\": \"Ons Alt\u0131n\"},\n        {\"proName\": \"FX:USDTRY\", \"title\": \"Dolar\/TL\"},\n        {\"proName\": \"TVC:UKOIL\", \"title\": \"Brent Petrol\"},\n        {\"proName\": \"BINANCE:BTCUSDT\", \"title\": \"Bitcoin\"}\n    ],\n    \"showSymbolLogo\": true, \n    \"colorTheme\": \"light\", \n    \"isTransparent\": false, \n    \"displayMode\": \"adaptive\", \n    \"width\": \"100%\",\n    \"locale\": \"tr\"\n    }\n    <\/script>\n<\/div>\n<div class=\"dashboard-wrapper\">\n<div class=\"main-chart-area\">\n        <script type=\"text\/javascript\" src=\"https:\/\/s3.tradingview.com\/external-embedding\/embed-widget-symbol-overview.js\" async>\n        {\n        \"symbols\": [\n            [\"Gram Alt\u0131n\", \"FX_IDC:XAUTRYG|1D\"],\n            [\"Gram G\u00fcm\u00fc\u015f\", \"FX_IDC:XAGTRYG|1D\"],\n            [\"Ons Alt\u0131n\", \"OANDA:XAUUSD|1D\"],\n            [\"Brent Petrol\", \"TVC:UKOIL|1D\"],\n            [\"Bitcoin\", \"BINANCE:BTCUSDT|1D\"]\n        ],\n        \"chartOnly\": false, \n        \"width\": \"100%\", \n        \"height\": \"100%\", \n        \"locale\": \"tr\", \n        \"colorTheme\": \"light\",\n        \"autosize\": true, \n        \"showVolume\": false, \n        \"chartType\": \"area\", \n        \"lineColor\": \"#2962FF\",\n        \"topColor\": \"rgba(41, 98, 255, 0.3)\",\n        \"bottomColor\": \"rgba(41, 98, 255, 0)\",\n        \"gridLineColor\": \"rgba(42, 46, 57, 0.06)\"\n        }\n        <\/script>\n    <\/div>\n<div class=\"side-data-area\">\n        <script type=\"text\/javascript\" src=\"https:\/\/s3.tradingview.com\/external-embedding\/embed-widget-market-quotes.js\" async>\n        {\n        \"width\": \"100%\", \n        \"height\": \"100%\",\n        \"symbolsGroups\": [\n          {\n            \"name\": \"DE\u011eERL\u0130 METALLER\",\n            \"symbols\": [\n              { \"name\": \"FX_IDC:XAUTRYG\", \"displayName\": \"Gram Alt\u0131n\" },\n              { \"name\": \"FX_IDC:XAGTRYG\", \"displayName\": \"Gram G\u00fcm\u00fc\u015f\" },\n              { \"name\": \"OANDA:XPDUSD\", \"displayName\": \"Paladyum\" },\n              { \"name\": \"OANDA:XPTUSD\", \"displayName\": \"Platin\" }\n            ]\n          },\n          {\n            \"name\": \"EMT\u0130A & D\u00d6V\u0130Z\",\n            \"symbols\": [\n              { \"name\": \"TVC:UKOIL\", \"displayName\": \"Brent Petrol\" },\n              { \"name\": \"FX:USDTRY\", \"displayName\": \"Dolar\/TL\" },\n              { \"name\": \"BINANCE:BTCUSDT\", \"displayName\": \"Bitcoin\" }\n            ]\n          }\n        ],\n        \"showSymbolLogo\": true, \"colorTheme\": \"light\", \"isTransparent\": false, \"locale\": \"tr\"\n        }\n        <\/script>\n    <\/div>\n<\/div>\n","protected":false},"excerpt":{"rendered":"","protected":false},"author":1,"featured_media":0,"parent":0,"menu_order":0,"comment_status":"closed","ping_status":"closed","template":"","meta":{"site-sidebar-layout":"default","site-content-layout":"","ast-site-content-layout":"default","site-content-style":"default","site-sidebar-style":"default","ast-global-header-display":"","ast-banner-title-visibility":"","ast-main-header-display":"","ast-hfb-above-header-display":"","ast-hfb-below-header-display":"","ast-hfb-mobile-header-display":"","site-post-title":"","ast-breadcrumbs-content":"","ast-featured-img":"","footer-sml-layout":"","ast-disable-related-posts":"","theme-transparent-header-meta":"default","adv-header-id-meta":"","stick-header-meta":"","header-above-stick-meta":"","header-main-stick-meta":"","header-below-stick-meta":"","astra-migrate-meta-layouts":"set","ast-page-background-enabled":"default","ast-page-background-meta":{"desktop":{"background-color":"var(--ast-global-color-5)","background-image":"","background-repeat":"repeat","background-position":"center center","background-size":"auto","background-attachment":"scroll","background-type":"","background-media":"","overlay-type":"","overlay-color":"","overlay-opacity":"","overlay-gradient":""},"tablet":{"background-color":"","background-image":"","background-repeat":"repeat","background-position":"center center","background-size":"auto","background-attachment":"scroll","background-type":"","background-media":"","overlay-type":"","overlay-color":"","overlay-opacity":"","overlay-gradient":""},"mobile":{"background-color":"","background-image":"","background-repeat":"repeat","background-position":"center center","background-size":"auto","background-attachment":"scroll","background-type":"","background-media":"","overlay-type":"","overlay-color":"","overlay-opacity":"","overlay-gradient":""}},"ast-content-background-meta":{"desktop":{"background-color":"var(--ast-global-color-4)","background-image":"","background-repeat":"repeat","background-position":"center center","background-size":"auto","background-attachment":"scroll","background-type":"","background-media":"","overlay-type":"","overlay-color":"","overlay-opacity":"","overlay-gradient":""},"tablet":{"background-color":"var(--ast-global-color-4)","background-image":"","background-repeat":"repeat","background-position":"center center","background-size":"auto","background-attachment":"scroll","background-type":"","background-media":"","overlay-type":"","overlay-color":"","overlay-opacity":"","overlay-gradient":""},"mobile":{"background-color":"var(--ast-global-color-4)","background-image":"","background-repeat":"repeat","background-position":"center center","background-size":"auto","background-attachment":"scroll","background-type":"","background-media":"","overlay-type":"","overlay-color":"","overlay-opacity":"","overlay-gradient":""}},"footnotes":""},"class_list":["post-7","page","type-page","status-publish","hentry"],"_links":{"self":[{"href":"https:\/\/piyasaozet.com\/index.php?rest_route=\/wp\/v2\/pages\/7","targetHints":{"allow":["GET"]}}],"collection":[{"href":"https:\/\/piyasaozet.com\/index.php?rest_route=\/wp\/v2\/pages"}],"about":[{"href":"https:\/\/piyasaozet.com\/index.php?rest_route=\/wp\/v2\/types\/page"}],"author":[{"embeddable":true,"href":"https:\/\/piyasaozet.com\/index.php?rest_route=\/wp\/v2\/users\/1"}],"replies":[{"embeddable":true,"href":"https:\/\/piyasaozet.com\/index.php?rest_route=%2Fwp%2Fv2%2Fcomments&post=7"}],"version-history":[{"count":9,"href":"https:\/\/piyasaozet.com\/index.php?rest_route=\/wp\/v2\/pages\/7\/revisions"}],"predecessor-version":[{"id":23,"href":"https:\/\/piyasaozet.com\/index.php?rest_route=\/wp\/v2\/pages\/7\/revisions\/23"}],"wp:attachment":[{"href":"https:\/\/piyasaozet.com\/index.php?rest_route=%2Fwp%2Fv2%2Fmedia&parent=7"}],"curies":[{"name":"wp","href":"https:\/\/api.w.org\/{rel}","templated":true}]}}